{"id":87,"date":"2018-01-20T16:59:38","date_gmt":"2018-01-20T15:59:38","guid":{"rendered":"http:\/\/dr-anke-schwarz.de\/?page_id=87"},"modified":"2024-09-29T16:32:30","modified_gmt":"2024-09-29T14:32:30","slug":"impressum","status":"publish","type":"page","link":"https:\/\/dr-anke-schwarz.de\/en\/impressum\/","title":{"rendered":"Impress"},"content":{"rendered":"<p><span style=\"font-family: helvetica, arial, sans-serif;\"><strong>Publisher<br \/>\n<\/strong>Dr. Anke Schwarz<\/span><br \/>\n<span style=\"font-family: helvetica, arial, sans-serif;\"> Dental practice address<\/span><br \/>\n<span style=\"font-family: helvetica, arial, sans-serif;\"> Graefestr.03<\/span><br \/>\n<span style=\"font-family: helvetica, arial, sans-serif;\"> 10967 Berlin<\/span><br \/>\n<span style=\"font-family: helvetica, arial, sans-serif;\"> Telefon 030 \u2013 6912958<\/span><br \/>\n<span style=\"font-family: helvetica, arial, sans-serif;\"> Telefax 030 \u2013 6939745<\/span><\/p>\n<p><span style=\"font-family: helvetica, arial, sans-serif;\">KIM-Mail zap.dr.anke.schwarz@dampsoft.kim.telematik<\/span><br \/>\n<span style=\"font-family: helvetica, arial, sans-serif;\"> E-Mail <a href=\"http:\/\/dr-anke-schwarz.de\/en\/kontakt\/\">zap.dr.anke.schwarz@gmail.com\u00a0<\/a><\/span><br \/>\n<span style=\"font-family: helvetica, arial, sans-serif;\">Internet http:\/\/www.dr-anke-schwarz.de<\/span><\/p>\n<p><span style=\"font-family: helvetica, arial, sans-serif;\"><strong>Awarding state for the legal professional title of all dentists<br \/>\n<\/strong>Federal Republic of Germany<\/span><\/p>\n<p><span style=\"font-family: helvetica, arial, sans-serif;\"><strong>Licensing authority and legal professional title of all dentists<br \/>\n<\/strong>I am a dentist who obtained her license to practice in Germany. Dr. Anke Schwarz<\/span><\/p>\n<p><span style=\"font-family: helvetica, arial, sans-serif;\"><strong>Responsible medical association<br \/>\n<\/strong>Zahn\u00e4rztekammer Berlin, Stallstra\u00dfe 1, 10585 Berlin, Internet <a href=\"http:\/\/www.zaek-berlin.de\" target=\"_blank\" rel=\"noopener\">www.zaek-berlin.de<\/a><\/span><\/p>\n<p><span style=\"font-family: helvetica, arial, sans-serif;\"><strong>Responsible supervisory authority<br \/>\n<\/strong>Kassenzahn\u00e4rztliche Vereinigung Berlin, Georg-Wilhelm-Stra\u00dfe 16, 10711 Berlin<\/span><\/p>\n<p><span style=\"font-family: helvetica, arial, sans-serif;\"><strong>Concept, design and implementation<br \/>\n<\/strong>Markus Hellmold, Dr. Anke Schwarz<\/span><\/p>\n<p><span style=\"font-family: helvetica, arial, sans-serif;\"><strong>Image credits<\/strong><\/span><br \/>\n<span style=\"font-family: helvetica, arial, sans-serif;\"> The images used on www.dr-anke-schwarz.de are from the following sources:<\/span><br \/>\n<span style=\"font-family: helvetica, arial, sans-serif;\"> Dental Practice Dr. Anke Schwarz, unless otherwise noted.<br \/>\n<\/span><\/p>\n<p><span style=\"font-family: helvetica, arial, sans-serif;\"><strong>Copyright<br \/>\n<\/strong>The contents of this website are protected by copyright. The content of this site may not be reproduced, modified, duplicated or distributed in any form.<\/span><\/p>\n<p><span style=\"font-family: helvetica, arial, sans-serif;\"><strong>Disclaimer<br \/>\n<\/strong>These pages contain links to other pages on the Internet. We hereby expressly state that we have no influence on the design and content of the linked pages. The providers of the respective websites are responsible for the content. We make every effort to ensure that all information and data is correct and up to date. However, any liability or guarantee for the topicality, correctness and completeness of the information and data provided is excluded. We assume no liability for damages resulting from the use of the retrieved information.<\/span><\/p>","protected":false},"excerpt":{"rendered":"<p>Herausgeber Dr. Anke Schwarz Praxisanschrift Zahnarztpraxis Graefestr.03 10967 Berlin Telefon 030 &#8211; 6912958 Telefax 030 &#8211; 6939745 KIM-Mail zap.dr.anke.schwarz@dampsoft.kim.telematik E-Mail zap.dr.anke.schwarz@gmail.com\u00a0 Internet http:\/\/www.dr-anke-schwarz.de Verleihender Staat f\u00fcr die gesetzliche Berufsbezeichnung aller Zahn\u00e4rzte Bundesrepublik Deutschland Approbationsbeh\u00f6rde und gesetzliche Berufsbezeichnung aller Zahn\u00e4rzte Ich bin Zahn\u00e4rztin, die ihre Approbation in Deutschland erworben hat. Dr. Anke Schwarz Zust\u00e4ndige Kammer Zahn\u00e4rztekammer [&hellip;]<\/p>\n","protected":false},"author":1,"featured_media":0,"parent":0,"menu_order":0,"comment_status":"closed","ping_status":"closed","template":"","meta":[],"_links":{"self":[{"href":"https:\/\/dr-anke-schwarz.de\/en\/wp-json\/wp\/v2\/pages\/87"}],"collection":[{"href":"https:\/\/dr-anke-schwarz.de\/en\/wp-json\/wp\/v2\/pages"}],"about":[{"href":"https:\/\/dr-anke-schwarz.de\/en\/wp-json\/wp\/v2\/types\/page"}],"author":[{"embeddable":true,"href":"https:\/\/dr-anke-schwarz.de\/en\/wp-json\/wp\/v2\/users\/1"}],"replies":[{"embeddable":true,"href":"https:\/\/dr-anke-schwarz.de\/en\/wp-json\/wp\/v2\/comments?post=87"}],"version-history":[{"count":14,"href":"https:\/\/dr-anke-schwarz.de\/en\/wp-json\/wp\/v2\/pages\/87\/revisions"}],"predecessor-version":[{"id":2624,"href":"https:\/\/dr-anke-schwarz.de\/en\/wp-json\/wp\/v2\/pages\/87\/revisions\/2624"}],"wp:attachment":[{"href":"https:\/\/dr-anke-schwarz.de\/en\/wp-json\/wp\/v2\/media?parent=87"}],"curies":[{"name":"wp","href":"https:\/\/api.w.org\/{rel}","templated":true}]}}