{"id":69,"date":"2018-01-20T16:56:41","date_gmt":"2018-01-20T15:56:41","guid":{"rendered":"http:\/\/dr-anke-schwarz.de\/?page_id=69"},"modified":"2022-04-14T22:31:15","modified_gmt":"2022-04-14T20:31:15","slug":"unsere-praxis","status":"publish","type":"page","link":"https:\/\/dr-anke-schwarz.de\/en\/unsere-praxis\/","title":{"rendered":"Our office"},"content":{"rendered":"<h4><span style=\"font-family: helvetica, arial, sans-serif;\">Our office<\/span><\/h4>\n<p><span style=\"font-family: helvetica, arial, sans-serif;\">Nichts ist sch\u00f6ner als ein gesundes L\u00e4cheln. F\u00fcr Ihre Mitmenschen genauso, wie f\u00fcr Ihr eigenes Wohlbefinden. Darum setzen wir im Team um Frau Dr. med. dent. Anke Schwarz alles daran, das Beste f\u00fcr Ihre Z\u00e4hne zu erreichen und sie dauerhaft gesund zu halten &#8211; vertrauensvoll und mit dem n\u00f6tigen Fingerspitzengef\u00fchl. <\/span><\/p>\n<p><span style=\"font-family: helvetica, arial, sans-serif;\">Fear of the dentist? That does not have to be. Our experienced and very friendly practice team always aims to make your visit as pleasant as possible.<\/span><\/p>\n<p><span style=\"font-family: helvetica, arial, sans-serif;\">So that you can convince with the awareness of beautiful teeth, we practice modern dentistry - and give your smile radiance and naturalness.<\/span><\/p>\n<p><span style=\"font-family: helvetica, arial, sans-serif;\">With a lot of empathy, we address your individual situation. See for yourself how we can help you. Our goal is to combine medical qualification and humanity, because: Your trust and well-being are our maxims.<\/span><\/p>\n<p><span style=\"font-family: helvetica, arial, sans-serif;\">Your\u00a0<\/span><span style=\"font-family: helvetica, arial, sans-serif;\">Practice-Team Dr. Anke Schwarz<\/span><\/p>\n<div id=\"metaslider-id-618\" style=\"max-width: 800px; margin: 0 auto;\" class=\"ml-slider-3-28-3 metaslider metaslider-flex metaslider-618 ml-slider\">\n    <div id=\"metaslider_container_618\">\n        <div id=\"metaslider_618\">\n            <ul aria-live=\"polite\" class=\"slides\">\n                <li style=\"display: block; width: 100%;\" class=\"slide-1331 ms-image\"><img width=\"1920\" height=\"2560\" src=\"https:\/\/dr-anke-schwarz.de\/wp-content\/uploads\/2021\/01\/Rezi5-scaled.jpg\" class=\"slider-618 slide-1331\" alt=\"\" loading=\"lazy\" rel=\"\" title=\"Rezi5\" srcset=\"https:\/\/dr-anke-schwarz.de\/wp-content\/uploads\/2021\/01\/Rezi5-scaled.jpg 1920w, https:\/\/dr-anke-schwarz.de\/wp-content\/uploads\/2021\/01\/Rezi5-225x300.jpg 225w, https:\/\/dr-anke-schwarz.de\/wp-content\/uploads\/2021\/01\/Rezi5-768x1024.jpg 768w, https:\/\/dr-anke-schwarz.de\/wp-content\/uploads\/2021\/01\/Rezi5-1152x1536.jpg 1152w, https:\/\/dr-anke-schwarz.de\/wp-content\/uploads\/2021\/01\/Rezi5-1536x2048.jpg 1536w\" sizes=\"(max-width: 1920px) 100vw, 1920px\" \/><\/li>\n                <li style=\"display: none; width: 100%;\" class=\"slide-622 ms-image\"><img width=\"1920\" height=\"2560\" src=\"https:\/\/dr-anke-schwarz.de\/wp-content\/uploads\/2021\/01\/Wartebereich-scaled.jpg\" class=\"slider-618 slide-622\" alt=\"\" loading=\"lazy\" rel=\"\" title=\"\" srcset=\"https:\/\/dr-anke-schwarz.de\/wp-content\/uploads\/2021\/01\/Wartebereich-scaled.jpg 1920w, https:\/\/dr-anke-schwarz.de\/wp-content\/uploads\/2021\/01\/Wartebereich-225x300.jpg 225w, https:\/\/dr-anke-schwarz.de\/wp-content\/uploads\/2021\/01\/Wartebereich-768x1024.jpg 768w, https:\/\/dr-anke-schwarz.de\/wp-content\/uploads\/2021\/01\/Wartebereich-1152x1536.jpg 1152w, https:\/\/dr-anke-schwarz.de\/wp-content\/uploads\/2021\/01\/Wartebereich-1536x2048.jpg 1536w\" sizes=\"(max-width: 1920px) 100vw, 1920px\" \/><\/li>\n                <li style=\"display: none; width: 100%;\" class=\"slide-624 ms-image\"><img width=\"600\" height=\"450\" src=\"https:\/\/dr-anke-schwarz.de\/wp-content\/uploads\/2018\/02\/praxis_450_IMG_2497.jpg\" class=\"slider-618 slide-624\" alt=\"\" loading=\"lazy\" rel=\"\" title=\"\" srcset=\"https:\/\/dr-anke-schwarz.de\/wp-content\/uploads\/2018\/02\/praxis_450_IMG_2497.jpg 600w, https:\/\/dr-anke-schwarz.de\/wp-content\/uploads\/2018\/02\/praxis_450_IMG_2497-300x225.jpg 300w\" sizes=\"(max-width: 600px) 100vw, 600px\" \/><\/li>\n                <li style=\"display: none; width: 100%;\" class=\"slide-1330 ms-image\"><img width=\"2560\" height=\"1920\" src=\"https:\/\/dr-anke-schwarz.de\/wp-content\/uploads\/2021\/01\/Kinder3-scaled.jpg\" class=\"slider-618 slide-1330\" alt=\"\" loading=\"lazy\" rel=\"\" title=\"Kinder3\" srcset=\"https:\/\/dr-anke-schwarz.de\/wp-content\/uploads\/2021\/01\/Kinder3-scaled.jpg 2560w, https:\/\/dr-anke-schwarz.de\/wp-content\/uploads\/2021\/01\/Kinder3-300x225.jpg 300w, https:\/\/dr-anke-schwarz.de\/wp-content\/uploads\/2021\/01\/Kinder3-1024x768.jpg 1024w, https:\/\/dr-anke-schwarz.de\/wp-content\/uploads\/2021\/01\/Kinder3-768x576.jpg 768w, https:\/\/dr-anke-schwarz.de\/wp-content\/uploads\/2021\/01\/Kinder3-1536x1152.jpg 1536w, https:\/\/dr-anke-schwarz.de\/wp-content\/uploads\/2021\/01\/Kinder3-2048x1536.jpg 2048w\" sizes=\"(max-width: 2560px) 100vw, 2560px\" \/><\/li>\n            <\/ul>\n        <\/div>\n        \n    <\/div>\n<\/div>","protected":false},"excerpt":{"rendered":"<p>Unsere Praxis Nichts ist sch\u00f6ner als ein gesundes L\u00e4cheln. F\u00fcr Ihre Mitmenschen genauso, wie f\u00fcr Ihr eigenes Wohlbefinden. Darum setzen wir im Team um Frau Dr. med. dent. Anke Schwarz alles daran, das Beste f\u00fcr Ihre Z\u00e4hne zu erreichen und sie dauerhaft gesund zu halten &#8211; vertrauensvoll und mit dem n\u00f6tigen Fingerspitzengef\u00fchl. Angst vor dem [&hellip;]<\/p>\n","protected":false},"author":1,"featured_media":0,"parent":0,"menu_order":0,"comment_status":"closed","ping_status":"closed","template":"","meta":[],"_links":{"self":[{"href":"https:\/\/dr-anke-schwarz.de\/en\/wp-json\/wp\/v2\/pages\/69"}],"collection":[{"href":"https:\/\/dr-anke-schwarz.de\/en\/wp-json\/wp\/v2\/pages"}],"about":[{"href":"https:\/\/dr-anke-schwarz.de\/en\/wp-json\/wp\/v2\/types\/page"}],"author":[{"embeddable":true,"href":"https:\/\/dr-anke-schwarz.de\/en\/wp-json\/wp\/v2\/users\/1"}],"replies":[{"embeddable":true,"href":"https:\/\/dr-anke-schwarz.de\/en\/wp-json\/wp\/v2\/comments?post=69"}],"version-history":[{"count":10,"href":"https:\/\/dr-anke-schwarz.de\/en\/wp-json\/wp\/v2\/pages\/69\/revisions"}],"predecessor-version":[{"id":1682,"href":"https:\/\/dr-anke-schwarz.de\/en\/wp-json\/wp\/v2\/pages\/69\/revisions\/1682"}],"wp:attachment":[{"href":"https:\/\/dr-anke-schwarz.de\/en\/wp-json\/wp\/v2\/media?parent=69"}],"curies":[{"name":"wp","href":"https:\/\/api.w.org\/{rel}","templated":true}]}}