{"id":64,"date":"2018-01-20T16:55:10","date_gmt":"2018-01-20T15:55:10","guid":{"rendered":"http:\/\/dr-anke-schwarz.de\/?page_id=64"},"modified":"2025-10-13T12:11:45","modified_gmt":"2025-10-13T10:11:45","slug":"prophylaxe","status":"publish","type":"page","link":"https:\/\/dr-anke-schwarz.de\/en\/prophylaxe\/","title":{"rendered":"Professionelle Zahnreinigung &#8211; Prophylaxe"},"content":{"rendered":"<h4><span style=\"color: #008000; font-family: helvetica, arial, sans-serif;\"><span style=\"font-size: 14pt;\">Professionelle Zahnreinigung\/Prophylaxe<\/span><\/span><\/h4>\n<p><span style=\"font-family: helvetica, arial, sans-serif; font-size: 12pt;\">Gepflegte Z\u00e4hne sehen nicht nur gut aus, sie bleiben auch l\u00e4nger gesund. Prophylaxe bedeutet Vorsorge gegen Erkrankungen der Z\u00e4hne, des Zahnfleisches und des Zahnhalteapparates und des gesamten K\u00f6rpers. Durch Studien ist erwiesen, dass Zahnsch\u00e4den und parodontale Erkrankungen durch Ihr pers\u00f6nliches h\u00e4usliches Engagement und die regelm\u00e4\u00dfig durchgef\u00fchrte professionelle Zahnreinigung vermieden werden k\u00f6nnen.<\/span><\/p>\n<p><span style=\"font-family: helvetica, arial, sans-serif; font-size: 12pt;\">Hier mehr, f\u00fcr Interessierte:\u00a0<a href=\"http:\/\/zahngesundheit-nuernberg.de\/assets\/studie.pdf\">http:\/\/zahngesundheit-nuernberg.de\/assets\/studie.pdf<\/a><\/span><\/p>\n<p><span style=\"font-family: helvetica, arial, sans-serif; font-size: 12pt;\">Da uns Ihre Zahngesundheit am Herzen liegt, bieten wir in unserer Praxis die professionelle Zahnreinigung durch unsere geschulten, zahnmedizinischen Prophylaxeassistentinnen mit entsprechender Zertifikation an. Da der Fortschritt bei uns nicht Halt macht, behandeln nun auch wir qualifiziert mit der <b>GBT <\/b>(Guided Biofilm Therapy).<\/span><\/p>\n<h4><span style=\"font-family: helvetica, arial, sans-serif; font-size: 12pt; color: #008000;\"><span style=\"font-size: 14pt;\">Ablauf<\/span><\/span><\/h4>\n<p><span style=\"font-family: helvetica, arial, sans-serif; font-size: 12pt;\">Die Behandlungsdauer wird auf die individuelle Situation in Ihrem Mundraum abgestimmt. Nach einer gr\u00fcndlichen Sichtkontrolle Ihrer Mundschleimhaut wird auf Ihren Z\u00e4hnen (mit einer speziellen Fl\u00fcssigkeit) der bakterielle Biofilm sichtbar gemacht, um gemeinsam mit Ihnen die optimale Mundhygiene f\u00fcr Sie zu Hause zu besprechen und zu demonstrieren. Im selben Moment dient es uns als Wegweiser f\u00fcr eine gr\u00fcndliche, minimalinvasive Reinigung der Zahnoberfl\u00e4chen und der Schleimh\u00e4ute.<\/span><\/p>\n<h4><span style=\"font-family: helvetica, arial, sans-serif; font-size: 14pt; color: #008000;\">Reinigung<\/span><\/h4>\n<p><span style=\"font-family: helvetica, arial, sans-serif; font-size: 12pt;\">1. Alle weichen, bakteriellen Bel\u00e4ge und Verf\u00e4rbungen werden mit einem sehr feinem Pulver -Wasser- Luftgemisch (EMS Airflow-Max) von Z\u00e4hnen, Restaurationen, Implantaten, Schleimh\u00e4uten und moderaten Zahnfleischtaschen entfernt.<\/span><\/p>\n<p><span style=\"font-family: helvetica, arial, sans-serif; font-size: 12pt;\">2. Bei noch \u00fcbrig gebliebenen festen Verf\u00e4rbungen oder Zahnstein kommt nur noch in diesem Bereich der Ultraschall nach EMS PIEZON\u00ae PS NO PAIN Technologie zum Einsatz. Wir wollen so minimal invasive wie m\u00f6glich arbeiten, daher versuchen wir weitesgehend auf Handinstrumente zu verzichten.<\/span><\/p>\n<p><span style=\"font-family: helvetica, arial, sans-serif; font-size: 12pt;\">3. Anschlie\u00dfend erfolgt die Kontrolle des Reinigungserfolges und die Fluoridierung.<\/span><\/p>\n<h4><span style=\"font-family: helvetica, arial, sans-serif; font-size: 14pt; color: #008000;\">Hinweise nach der Reinigung<\/span><\/h4>\n<p><span style=\"font-family: helvetica, arial, sans-serif; font-size: 12pt;\">Nach der Behandlung sollten Sie 1 Stunde nicht essen und trinken. <\/span><span style=\"font-family: helvetica, arial, sans-serif; font-size: 12pt;\">Zudem sollten Sie 2 Stunden nicht rauchen und auf sehr farbintensive Speisen verzichten. Grund daf\u00fcr ist, dass sich die nat\u00fcrliche Schutzschicht um Ihre Z\u00e4hne neu bilden kann (Pelikel) und Verf\u00e4rbungen nicht so schnell wieder anhaften.<\/span><\/p>\n<p>&nbsp;<\/p>","protected":false},"excerpt":{"rendered":"<p>Professionelle Zahnreinigung\/Prophylaxe Gepflegte Z\u00e4hne sehen nicht nur gut aus, sie bleiben auch l\u00e4nger gesund. Prophylaxe bedeutet Vorsorge gegen Erkrankungen der Z\u00e4hne, des Zahnfleisches und des Zahnhalteapparates und des gesamten K\u00f6rpers. Durch Studien ist erwiesen, dass Zahnsch\u00e4den und parodontale Erkrankungen durch Ihr pers\u00f6nliches h\u00e4usliches Engagement und die regelm\u00e4\u00dfig durchgef\u00fchrte professionelle Zahnreinigung vermieden werden k\u00f6nnen. Hier mehr, [&hellip;]<\/p>\n","protected":false},"author":1,"featured_media":0,"parent":0,"menu_order":0,"comment_status":"closed","ping_status":"closed","template":"","meta":[],"_links":{"self":[{"href":"https:\/\/dr-anke-schwarz.de\/en\/wp-json\/wp\/v2\/pages\/64"}],"collection":[{"href":"https:\/\/dr-anke-schwarz.de\/en\/wp-json\/wp\/v2\/pages"}],"about":[{"href":"https:\/\/dr-anke-schwarz.de\/en\/wp-json\/wp\/v2\/types\/page"}],"author":[{"embeddable":true,"href":"https:\/\/dr-anke-schwarz.de\/en\/wp-json\/wp\/v2\/users\/1"}],"replies":[{"embeddable":true,"href":"https:\/\/dr-anke-schwarz.de\/en\/wp-json\/wp\/v2\/comments?post=64"}],"version-history":[{"count":30,"href":"https:\/\/dr-anke-schwarz.de\/en\/wp-json\/wp\/v2\/pages\/64\/revisions"}],"predecessor-version":[{"id":3147,"href":"https:\/\/dr-anke-schwarz.de\/en\/wp-json\/wp\/v2\/pages\/64\/revisions\/3147"}],"wp:attachment":[{"href":"https:\/\/dr-anke-schwarz.de\/en\/wp-json\/wp\/v2\/media?parent=64"}],"curies":[{"name":"wp","href":"https:\/\/api.w.org\/{rel}","templated":true}]}}