{"id":62,"date":"2018-01-20T16:54:58","date_gmt":"2018-01-20T15:54:58","guid":{"rendered":"http:\/\/dr-anke-schwarz.de\/?page_id=62"},"modified":"2018-02-14T08:30:15","modified_gmt":"2018-02-14T07:30:15","slug":"endodontie","status":"publish","type":"page","link":"https:\/\/dr-anke-schwarz.de\/en\/endodontie\/","title":{"rendered":"Endodontics"},"content":{"rendered":"<h4><span style=\"font-size: 14pt;color: #339966\"><span class=\"Stil14\" style=\"font-family: helvetica, arial, sans-serif\">Endodontics<\/span><\/span><\/h4>\n<p><span style=\"font-family: helvetica, arial, sans-serif\">Das Nervengewebe im Inneren des Zahnes ist besch\u00e4digt\/entz\u00fcndet oder bereits abgestorben. Um den betroffenen Zahn durch zahn\u00e4rztliche Ma\u00dfnahmen zu erhalten, ist eine Wurzelkanalbehandlung (endodontische Behandlung) erforderlich.<\/span><\/p>\n<p><span style=\"font-family: helvetica, arial, sans-serif\">Die Behandlung gliedert sich in mehrere Abschnitte. Zur Behandlungsplanung sind R\u00f6ntgenaufnahmen erforderlich.\u00a0<\/span><\/p>\n<p><span style=\"font-family: helvetica, arial, sans-serif\">Damit kein Speichel aus dem Mund in den Zahn kommen kann, muss dieser \u201etrockengelegt\u201c werden, meistens mit einem Gummituch (&#8222;Kofferdam&#8220;), welches nur den Zahn herausschauen l\u00e4sst und ihn vom umliegenden Gebiet abgrenzt, &#8222;trocken und keimfrei&#8220; h\u00e4lt. Ist die Nervh\u00f6hle im Zahninneren noch geschlossen, wird sie zun\u00e4chst er\u00f6ffnet. Oft sind mehrere, teilweise miteinander verbundene, mehr oder weniger gekr\u00fcmmte Wurzelkan\u00e4le vorhanden. Um sie zu finden und zu kontrollieren, werden Sehhilfen (Lupenbrillen) verwendet. Um genau bis zur Wurzelspitze arbeiten zu k\u00f6nnen, ist die exakte L\u00e4ngenbestimmung jedes Kanals durch R\u00f6ntgenaufnahmen und elektronische Me\u00dfverfahren sehr wichtig. Das im Zahninneren befindliche kranke Gewebe wird entfernt. Bakterien und andere Krankheitserreger werden durch Sp\u00fclungen mit sehr wirksamen L\u00f6sungen bek\u00e4mpft. Die Wurzelkan\u00e4le werden innen erweitert, gegl\u00e4ttet und gereinigt <\/span><em style=\"font-family: helvetica, arial, sans-serif\">(<\/em><span style=\"font-family: helvetica, arial, sans-serif\">\u201eAufbereitung\u201c). Dazu werden nadelf\u00f6rmige Feilen in verschiedenen Dicken und L\u00e4ngen verwendet. Sie k\u00f6nnen von Hand oder mit speziellen Motoren bewegt werden. Zur Wurzelf\u00fcllung wird bei den meisten Verfahren Guttapercha verwendet, eine Art Gummimasse, die den neu entstandenen Hohlraum in der Wurzel des Zahnes komplett ausf\u00fcllt. Zus\u00e4tzlich ist noch ein fl\u00fcssiger Zement, ein sogenannter Sealer, zur Abdichtung erforderlich. Eine R\u00f6ntgenaufnahme dient der Kontrolle der korrekten Wurzelf\u00fcllung. Um das Zahninnere dauerhaft von Bakterien abzuschirmen, ist zun\u00e4chst eine ganz dichte, geklebte F\u00fcllung erforderlich. Sp\u00e4ter ist zur Stabilisierung meistens eine Krone erforderlich. Je nachdem wie stark zerst\u00f6rt die Zahnkrone des Zahnes ist, wird zus\u00e4tzlich zur Verankerung einer Krone, das Einkleben eines Stiftes ins Zahninneren notwendig. Monate und Jahre nach der Wurzelf\u00fcllung dienen wiederholte R\u00f6ntgenaufnahmen zur \u00dcberpr\u00fcfung der Gesundheit des umgebenden Gewebes und Knochens. Bleibt der Zahn beschwerdefrei und das R\u00f6ntgenbild unauff\u00e4llig, war die Wurzelkanalbehandlung erfolgreich.<\/span><\/p>\n<h4><span class=\"Stil18\" style=\"font-family: helvetica, arial, sans-serif;font-size: 12pt;color: #339966\">Privatleistungen<\/span><\/h4>\n<p><span style=\"font-family: helvetica, arial, sans-serif\">Mit neuen Techniken, F\u00fcllungsmethoden und Werkstoffen lassen sich heute auch schwierige Wurzelkan\u00e4le mit Erfolg behandeln. Diese Therapien sind jedoch oft zeitaufwendig und\/oder teurer als die &#8222;Kassenleistung&#8220;. Aus diesem Grunde wird bei der Inanspruchnahme dieser Leistungen eine Zuzahlung erforderlich. Aber auch hier beraten wir Sie ausf\u00fchrlich \u00fcber die n\u00f6tigen Behandlungsschritte, M\u00f6glichkeiten und anfallenden Kosten.<br \/>\n<\/span><\/p>\n<p><span class=\"Stil19\" style=\"font-family: helvetica, arial, sans-serif\"><a href=\"http:\/\/www.dg-endo.de\/\" target=\"_new\">www.dg-endo.de<\/a><br \/>\n<a href=\"http:\/\/www.vdze.de\" target=\"_new\">www.vdze.de<\/a><\/span><\/p>","protected":false},"excerpt":{"rendered":"<p>Endodontie Das Nervengewebe im Inneren des Zahnes ist besch\u00e4digt\/entz\u00fcndet oder bereits abgestorben. Um den betroffenen Zahn durch zahn\u00e4rztliche Ma\u00dfnahmen zu erhalten, ist eine Wurzelkanalbehandlung (endodontische Behandlung) erforderlich. Die Behandlung gliedert sich in mehrere Abschnitte. Zur Behandlungsplanung sind R\u00f6ntgenaufnahmen erforderlich.\u00a0 Damit kein Speichel aus dem Mund in den Zahn kommen kann, muss dieser \u201etrockengelegt\u201c werden, meistens [&hellip;]<\/p>\n","protected":false},"author":1,"featured_media":0,"parent":0,"menu_order":0,"comment_status":"closed","ping_status":"closed","template":"","meta":[],"_links":{"self":[{"href":"https:\/\/dr-anke-schwarz.de\/en\/wp-json\/wp\/v2\/pages\/62"}],"collection":[{"href":"https:\/\/dr-anke-schwarz.de\/en\/wp-json\/wp\/v2\/pages"}],"about":[{"href":"https:\/\/dr-anke-schwarz.de\/en\/wp-json\/wp\/v2\/types\/page"}],"author":[{"embeddable":true,"href":"https:\/\/dr-anke-schwarz.de\/en\/wp-json\/wp\/v2\/users\/1"}],"replies":[{"embeddable":true,"href":"https:\/\/dr-anke-schwarz.de\/en\/wp-json\/wp\/v2\/comments?post=62"}],"version-history":[{"count":14,"href":"https:\/\/dr-anke-schwarz.de\/en\/wp-json\/wp\/v2\/pages\/62\/revisions"}],"predecessor-version":[{"id":407,"href":"https:\/\/dr-anke-schwarz.de\/en\/wp-json\/wp\/v2\/pages\/62\/revisions\/407"}],"wp:attachment":[{"href":"https:\/\/dr-anke-schwarz.de\/en\/wp-json\/wp\/v2\/media?parent=62"}],"curies":[{"name":"wp","href":"https:\/\/api.w.org\/{rel}","templated":true}]}}