{"id":60,"date":"2018-01-20T16:54:42","date_gmt":"2018-01-20T15:54:42","guid":{"rendered":"http:\/\/dr-anke-schwarz.de\/?page_id=60"},"modified":"2018-03-30T10:50:14","modified_gmt":"2018-03-30T08:50:14","slug":"kinderzahnheilkunde","status":"publish","type":"page","link":"https:\/\/dr-anke-schwarz.de\/en\/kinderzahnheilkunde\/","title":{"rendered":"Pediatric Dentistry"},"content":{"rendered":"<h4><span style=\"font-size: 14pt;color: #339966;font-family: helvetica, arial, sans-serif\">Pediatric Dentistry<\/span><\/h4>\n<p><span style=\"color: #333333;font-family: helvetica, arial, sans-serif\">Creating a long-term basis of trust for children and their parents are our top priority. From the very beginning, we make every effort to familiarize the little adults with our premises in order to make their stay with us as pleasant as possible. The preservation of milk teeth until they fall out is a prerequisite for further healthy development of the teeth and therefore the main task of pediatric dentistry. In order to find the right treatment concept for your child and age, we deliberately involve you as parents. A preparatory appointment without a child is of course possible. Please contact us with all your questions in confidence.<br \/>\n<\/span><\/p>\n<p><img loading=\"lazy\" class=\"alignnone wp-image-309\" src=\"http:\/\/dr-anke-schwarz.de\/wp-content\/uploads\/2018\/01\/ZEICHNUNGEN-300x100.jpg\" alt=\"\" width=\"389\" height=\"170\" \/><\/p>\n<h4><span style=\"font-size: 14pt;font-family: helvetica, arial, sans-serif;color: #339966\">Diagnostics<\/span><\/h4>\n<p><span style=\"color: #333333;font-family: helvetica, arial, sans-serif\">It is based on a detailed clinical examination and is supplemented by additional diagnostics, such as taking X-rays.\u00a0<\/span><\/p>\n<h4><span style=\"font-size: 14pt;color: #339966;font-family: helvetica, arial, sans-serif\">Treatment<\/span><\/h4>\n<p align=\"JUSTIFY\"><span style=\"font-family: helvetica, arial, sans-serif;font-size: 12pt\">Depending on the severity of the findings, fillings, pediatric crowns, space maintainers or dentures are used here.\u00a0<\/span><span style=\"color: #333333;font-family: helvetica, arial, sans-serif\">Our \"sleep pillow\" (infiltration anesthesia) is often sufficient for treatment, but general anesthesia may be preferred for very young as well as anxious children to prevent a traumatic experience and maximize treatment success.<br \/>\n<\/span><\/p>\n<h4><span style=\"font-size: 14pt;color: #339966;font-family: helvetica, arial, sans-serif\">Prophylaxis<\/span><\/h4>\n<p><span style=\"color: #333333;font-family: helvetica, arial, sans-serif\">Our self-developed prophylaxis concept helps young adults and parents to maintain a healthy laugh for life.<\/span><\/p>\n<ul style=\"list-style-type: circle\">\n<li><span style=\"font-family: helvetica, arial, sans-serif\">Nutrition<\/span><\/li>\n<li><span style=\"font-family: helvetica, arial, sans-serif\">Dental care<\/span><\/li>\n<li><span style=\"font-family: helvetica, arial, sans-serif\">Fluoride treatment<\/span><\/li>\n<li><span style=\"font-family: helvetica, arial, sans-serif\">Fissure sealing<\/span><\/li>\n<\/ul>\n<div id=\"metaslider-id-474\" style=\"max-width: 800px; margin: 0 auto;\" class=\"ml-slider-3-28-3 metaslider metaslider-flex metaslider-474 ml-slider\">\n    <div id=\"metaslider_container_474\">\n        <div id=\"metaslider_474\">\n            <ul aria-live=\"polite\" class=\"slides\">\n                <li style=\"display: block; width: 100%;\" class=\"slide-542 ms-image\"><img width=\"600\" height=\"450\" src=\"https:\/\/dr-anke-schwarz.de\/wp-content\/uploads\/2018\/02\/Bild_0004.jpg\" class=\"slider-474 slide-542\" alt=\"\" loading=\"lazy\" rel=\"\" title=\"\" srcset=\"https:\/\/dr-anke-schwarz.de\/wp-content\/uploads\/2018\/02\/Bild_0004.jpg 600w, https:\/\/dr-anke-schwarz.de\/wp-content\/uploads\/2018\/02\/Bild_0004-300x225.jpg 300w\" sizes=\"(max-width: 600px) 100vw, 600px\" \/><\/li>\n                <li style=\"display: none; width: 100%;\" class=\"slide-545 ms-image\"><img width=\"600\" height=\"450\" src=\"https:\/\/dr-anke-schwarz.de\/wp-content\/uploads\/2018\/02\/Bild_0001.jpg\" class=\"slider-474 slide-545\" alt=\"\" loading=\"lazy\" rel=\"\" title=\"\" srcset=\"https:\/\/dr-anke-schwarz.de\/wp-content\/uploads\/2018\/02\/Bild_0001.jpg 600w, https:\/\/dr-anke-schwarz.de\/wp-content\/uploads\/2018\/02\/Bild_0001-300x225.jpg 300w\" sizes=\"(max-width: 600px) 100vw, 600px\" \/><\/li>\n                <li style=\"display: none; width: 100%;\" class=\"slide-544 ms-image\"><img width=\"600\" height=\"450\" src=\"https:\/\/dr-anke-schwarz.de\/wp-content\/uploads\/2018\/02\/Bild_0002.jpg\" class=\"slider-474 slide-544\" alt=\"\" loading=\"lazy\" rel=\"\" title=\"\" srcset=\"https:\/\/dr-anke-schwarz.de\/wp-content\/uploads\/2018\/02\/Bild_0002.jpg 600w, https:\/\/dr-anke-schwarz.de\/wp-content\/uploads\/2018\/02\/Bild_0002-300x225.jpg 300w\" sizes=\"(max-width: 600px) 100vw, 600px\" \/><\/li>\n            <\/ul>\n        <\/div>\n        \n    <\/div>\n<\/div>\n<p>.<\/p>","protected":false},"excerpt":{"rendered":"<p>Kinderzahnheilkunde Eine langfristige Vertrauensbasis f\u00fcr Kinder und ihre Eltern zu schaffen, sind f\u00fcr uns das oberste Gebot. Von Anfang an sind wir darum bem\u00fcht, den kleinen Erwachsenen unsere R\u00e4umlichkeiten vertraut zu machen, um den Aufenthalt bei uns so angenehm wie m\u00f6glich zu gestalten. Der Erhalt der Milchz\u00e4hne bis zu ihrem Ausfall sind Voraussetzung f\u00fcr eine [&hellip;]<\/p>\n","protected":false},"author":1,"featured_media":0,"parent":0,"menu_order":0,"comment_status":"closed","ping_status":"closed","template":"fullwidth.php","meta":[],"_links":{"self":[{"href":"https:\/\/dr-anke-schwarz.de\/en\/wp-json\/wp\/v2\/pages\/60"}],"collection":[{"href":"https:\/\/dr-anke-schwarz.de\/en\/wp-json\/wp\/v2\/pages"}],"about":[{"href":"https:\/\/dr-anke-schwarz.de\/en\/wp-json\/wp\/v2\/types\/page"}],"author":[{"embeddable":true,"href":"https:\/\/dr-anke-schwarz.de\/en\/wp-json\/wp\/v2\/users\/1"}],"replies":[{"embeddable":true,"href":"https:\/\/dr-anke-schwarz.de\/en\/wp-json\/wp\/v2\/comments?post=60"}],"version-history":[{"count":20,"href":"https:\/\/dr-anke-schwarz.de\/en\/wp-json\/wp\/v2\/pages\/60\/revisions"}],"predecessor-version":[{"id":687,"href":"https:\/\/dr-anke-schwarz.de\/en\/wp-json\/wp\/v2\/pages\/60\/revisions\/687"}],"wp:attachment":[{"href":"https:\/\/dr-anke-schwarz.de\/en\/wp-json\/wp\/v2\/media?parent=60"}],"curies":[{"name":"wp","href":"https:\/\/api.w.org\/{rel}","templated":true}]}}