{"id":2,"date":"2018-01-20T14:52:49","date_gmt":"2018-01-20T13:52:49","guid":{"rendered":"http:\/\/dr-anke-schwarz.de\/?page_id=2"},"modified":"2024-12-21T11:05:38","modified_gmt":"2024-12-21T10:05:38","slug":"unsere_leistungen","status":"publish","type":"page","link":"https:\/\/dr-anke-schwarz.de\/en\/unsere_leistungen\/","title":{"rendered":"Our services"},"content":{"rendered":"<h4><span style=\"font-family: helvetica, arial, sans-serif; color: #339966;\">Our services,<\/span><\/h4>\n<p><span style=\"font-family: helvetica, arial, sans-serif;\">With our website we would like to inform you about our concept, our treatment offer as well as the organization of our dental practice. In the center of our actions are you as a person, the holistic treatment of your complaints and your wishes. Our claim is the optimal function and vitality of your masticatory organ, combined with your demands and the corresponding aesthetics.<\/span><\/p>\n<ul>\n<li><span style=\"font-family: helvetica, arial, sans-serif; color: #0000ff;\"><a style=\"color: #0000ff;\" href=\"http:\/\/dr-anke-schwarz.de\/en\/kinderzahnheilkunde\/\">Pediatric Dentistry<\/a><\/span><\/li>\n<li><span style=\"font-family: helvetica, arial, sans-serif; color: #0000ff;\"><a style=\"color: #0000ff;\" href=\"http:\/\/dr-anke-schwarz.de\/en\/endodontie\/\">Endondontics<\/a><\/span><\/li>\n<li><span style=\"font-family: helvetica, arial, sans-serif; color: #0000ff;\"><a style=\"color: #0000ff;\" href=\"http:\/\/dr-anke-schwarz.de\/en\/icon\/\">Kariesinfiltration (ICON)<\/a><\/span><\/li>\n<li><span style=\"font-family: helvetica, arial, sans-serif; color: #0000ff;\"><a style=\"color: #0000ff;\" href=\"http:\/\/dr-anke-schwarz.de\/en\/prophylaxe\/\">Professional teeth cleaning (prophylaxis)<\/a><\/span><\/li>\n<\/ul>\n<p>&nbsp;<\/p>","protected":false},"excerpt":{"rendered":"<p>Unsere Leistungen, Mit unserer Webseite m\u00f6chten wir Sie gern \u00fcber unser Konzept, unser Behandlungsangebot sowie die Organisation unserer Zahnarztpraxis informieren. Im Zentrum unseres Handelns stehen Sie als Mensch, die ganzheitliche Behandlung Ihrer Beschwerden und Ihre W\u00fcnsche. Unser Anspruch ist die optimale Funktion und Vitalit\u00e4t Ihres Kauorganes, verbunden mit Ihren Anspr\u00fcchen und der entsprechenden \u00c4sthetik. Kinderzahnheilkunde [&hellip;]<\/p>\n","protected":false},"author":1,"featured_media":0,"parent":0,"menu_order":0,"comment_status":"closed","ping_status":"open","template":"","meta":[],"_links":{"self":[{"href":"https:\/\/dr-anke-schwarz.de\/en\/wp-json\/wp\/v2\/pages\/2"}],"collection":[{"href":"https:\/\/dr-anke-schwarz.de\/en\/wp-json\/wp\/v2\/pages"}],"about":[{"href":"https:\/\/dr-anke-schwarz.de\/en\/wp-json\/wp\/v2\/types\/page"}],"author":[{"embeddable":true,"href":"https:\/\/dr-anke-schwarz.de\/en\/wp-json\/wp\/v2\/users\/1"}],"replies":[{"embeddable":true,"href":"https:\/\/dr-anke-schwarz.de\/en\/wp-json\/wp\/v2\/comments?post=2"}],"version-history":[{"count":21,"href":"https:\/\/dr-anke-schwarz.de\/en\/wp-json\/wp\/v2\/pages\/2\/revisions"}],"predecessor-version":[{"id":2747,"href":"https:\/\/dr-anke-schwarz.de\/en\/wp-json\/wp\/v2\/pages\/2\/revisions\/2747"}],"wp:attachment":[{"href":"https:\/\/dr-anke-schwarz.de\/en\/wp-json\/wp\/v2\/media?parent=2"}],"curies":[{"name":"wp","href":"https:\/\/api.w.org\/{rel}","templated":true}]}}