{"id":190,"date":"2018-01-20T21:10:23","date_gmt":"2018-01-20T20:10:23","guid":{"rendered":"http:\/\/dr-anke-schwarz.de\/?page_id=190"},"modified":"2024-06-05T16:27:37","modified_gmt":"2024-06-05T14:27:37","slug":"icon","status":"publish","type":"page","link":"https:\/\/dr-anke-schwarz.de\/en\/icon\/","title":{"rendered":"ICON &#8211; Kariesinfiltration"},"content":{"rendered":"<h4><span style=\"font-family: helvetica, arial, sans-serif; color: #339966; font-size: 14pt;\">ICON &#8211; Kariesinfiltration: <\/span><span style=\"font-family: helvetica, arial, sans-serif; color: #339966; font-size: 14pt;\">Kariesbehandlung ohne Bohren<\/span><\/h4>\n<p><span style=\"font-family: helvetica, arial, sans-serif;\">Wei\u00dflich oder br\u00e4unliche Stellen (white oder brown spot) auf den Z\u00e4hnen, die sich auch durch eine por\u00f6se Zahnstruktur bemerkbar machen, k\u00f6nnen sehr unterschiedliche Ursachen haben. Karies im Fr\u00fchstadium oder Schmelzentwicklungsst\u00f6rungen, k\u00f6nnen im Kindesalter bedingt durch mangelnde Pflege, Medikamenteneinnahme oder Erkrankungen auftreten. Werden diese sogenannten Initiall\u00e4sionen nicht\u00a0<\/span><span style=\"font-family: helvetica, arial, sans-serif;\">fr\u00fchzeitig behandelt, entsteht daraus das typische &#8222;Loch&#8220;.<\/span><br \/>\n<span style=\"font-family: helvetica, arial, sans-serif;\"> Durch das spezielle Verfahren der Kariesinfiltration wird diese Initiall\u00e4sionen mit einem sehr d\u00fcnnfl\u00fcssigem Kunststoff aufgef\u00fcllt und die Schmelzoberfl\u00e4che verschlossen, ganz ohne bohren. Abgesehen vom medizinischen und kosmetischem Erfolg, entsteht durch dieses Verfahren eine Diffusionsbarriere, wodurch der behandelte Zahn widerstandf\u00e4higer wird.<\/span><\/p>\n<p><span style=\"font-family: helvetica, arial, sans-serif;\">Wir bieten in unserer Praxis durch eine geschulte zahnmedizinische Prophylaxeassistentin dieses Verfahren an, wodurch dank ausgereifter Wirkstoffe und Methoden die Z\u00e4hne minimalinvasiv &#8222;repariert&#8220; werden k\u00f6nnen.\u00a0<\/span><\/p>\n<p><span style=\"font-family: helvetica, arial, sans-serif;\">Gerne stehen wir Ihnen f\u00fcr alle Fragen zur Verf\u00fcgung.<\/span><br \/>\n<span style=\"font-family: helvetica, arial, sans-serif;\"> Vereinbaren Sie einen Termin in unserer Praxis und lassen Sie sich unverbindlich beraten. Wir freuen uns auf Sie!<\/span><\/p>\n<p>&nbsp;<\/p>\n<p>&nbsp;<\/p>\n<p>&nbsp;<\/p>\n<p>&nbsp;<\/p>\n<p>&nbsp;<\/p>\n<p>&nbsp;<\/p>\n<p>&nbsp;<\/p>\n<p>&nbsp;<\/p>","protected":false},"excerpt":{"rendered":"<p>ICON &#8211; Kariesinfiltration: Kariesbehandlung ohne Bohren Wei\u00dflich oder br\u00e4unliche Stellen (white oder brown spot) auf den Z\u00e4hnen, die sich auch durch eine por\u00f6se Zahnstruktur bemerkbar machen, k\u00f6nnen sehr unterschiedliche Ursachen haben. Karies im Fr\u00fchstadium oder Schmelzentwicklungsst\u00f6rungen, k\u00f6nnen im Kindesalter bedingt durch mangelnde Pflege, Medikamenteneinnahme oder Erkrankungen auftreten. Werden diese sogenannten Initiall\u00e4sionen nicht\u00a0fr\u00fchzeitig behandelt, entsteht daraus [&hellip;]<\/p>\n","protected":false},"author":1,"featured_media":0,"parent":0,"menu_order":0,"comment_status":"closed","ping_status":"closed","template":"","meta":[],"_links":{"self":[{"href":"https:\/\/dr-anke-schwarz.de\/en\/wp-json\/wp\/v2\/pages\/190"}],"collection":[{"href":"https:\/\/dr-anke-schwarz.de\/en\/wp-json\/wp\/v2\/pages"}],"about":[{"href":"https:\/\/dr-anke-schwarz.de\/en\/wp-json\/wp\/v2\/types\/page"}],"author":[{"embeddable":true,"href":"https:\/\/dr-anke-schwarz.de\/en\/wp-json\/wp\/v2\/users\/1"}],"replies":[{"embeddable":true,"href":"https:\/\/dr-anke-schwarz.de\/en\/wp-json\/wp\/v2\/comments?post=190"}],"version-history":[{"count":26,"href":"https:\/\/dr-anke-schwarz.de\/en\/wp-json\/wp\/v2\/pages\/190\/revisions"}],"predecessor-version":[{"id":2499,"href":"https:\/\/dr-anke-schwarz.de\/en\/wp-json\/wp\/v2\/pages\/190\/revisions\/2499"}],"wp:attachment":[{"href":"https:\/\/dr-anke-schwarz.de\/en\/wp-json\/wp\/v2\/media?parent=190"}],"curies":[{"name":"wp","href":"https:\/\/api.w.org\/{rel}","templated":true}]}}