{"id":187,"date":"2018-01-20T21:07:12","date_gmt":"2018-01-20T20:07:12","guid":{"rendered":"http:\/\/dr-anke-schwarz.de\/?page_id=187"},"modified":"2024-06-22T10:48:11","modified_gmt":"2024-06-22T08:48:11","slug":"bleaching","status":"publish","type":"page","link":"https:\/\/dr-anke-schwarz.de\/en\/bleaching\/","title":{"rendered":"Bleaching &#8211; Zahnaufhellung"},"content":{"rendered":"<h4><span style=\"font-size: 14pt; color: #339966; font-family: helvetica, arial, sans-serif;\">Bleaching &#8211; Z\u00e4hne schonend aufhellen<\/span><\/h4>\n<p><span style=\"font-family: helvetica, arial, sans-serif;\">Gesund strahlend, helle Z\u00e4hne lassen das Gesicht vitaler und j\u00fcnger erscheinen und tragen sehr zu unserem \u00e4u\u00dferen Erscheinungsbild bei, was eine positive Wirkung auf unser Umfeld hat.<\/span><\/p>\n<p><span style=\"font-family: helvetica, arial, sans-serif;\">Nahrungs- und Genussmittel, insbesondere Kaffee, Tee, Rotwein oder Tabak, hinterlassen Farbpartikel an den Zahnoberfl\u00e4chen.\u00a0<\/span><span style=\"font-family: helvetica, arial, sans-serif;\">Ein Teil dieser Partikel dringt im Laufe der Zeit in den Zahnschmelz ein. Infolgedessen entstehen die typischen gelblich-braunen \u201eVerf\u00e4rbungen\u201c, die selbst durch gr\u00fcndliche Zahnpflege und auch durch eine professionelle Zahnreinigung nicht zu entfernen sind. Dar\u00fcberhinaus k\u00f6nnen auch manche Medikamente zur dauerhaften Einlagerung von Farbpartikeln im Zahnschmelz f\u00fchren. Das gilt vor allem f\u00fcr Eisen- und Nitrathaltige Pr\u00e4parate sowie f\u00fcr Chlorhexidin, ein antibakterieller Wirkstoff, der h\u00e4ufig in Mundsp\u00fcll\u00f6sungen enthalten ist. Und nicht zuletzt sind es auch die nat\u00fcrlichen &#8222;Altersverf\u00e4rbungen&#8220;, die das Erscheinungsbild der Z\u00e4hne ver\u00e4ndern.<br \/>\n<\/span><span style=\"font-family: helvetica, arial, sans-serif;\">Daf\u00fcr gibt es eine L\u00f6sung: ein professionelles Zahnbleaching in unserer Praxis durch eine Zahnmedizinische Prophylaxeassistentin, wodurch dank ausgereifter Wirkstoffe und Methoden die Z\u00e4hne schonend aufgehellt werden k\u00f6nnen.\u00a0<\/span><\/p>\n<h3><span style=\"color: #339966; font-size: 12pt; font-family: helvetica, arial, sans-serif;\">Welche M\u00f6glichkeiten gibt es und was bieten wir Ihnen:<\/span><\/h3>\n<p><span style=\"font-family: helvetica, arial, sans-serif;\">Zum Produkt: <\/span><\/p>\n<p><span style=\"font-family: helvetica, arial, sans-serif;\">Opalescence Boost wird ohne Polymerisationslampe angewendet und ist ein 40%iges Wasserstoffperoxidgel mit neutralem pH-Wert f\u00fcr maximale Wirksamkeit und Sicherheit. Pro Sitzung werden zwei 20-min\u00fctige Anwendungen empfohlen. Falls die erw\u00fcnschten Ergebnisse nicht erzielt wurden, kann noch eine dritte 20-min\u00fctige Behandlung erfolgen. Es sollten nicht mehr als drei Anwendungen pro Sitzung durchgef\u00fchrt werden (Gesamtbehandlungsdauer max. 60 Minuten). Diese Aufhellung ist nicht dauerhaft und h\u00e4lt bei vitalen Z\u00e4hnen ca.\u00a0 3-5 Jahre, wobei vor allem die Lebensweise (z.B. Tabakkonsum, Ern\u00e4hrung ect.) eine wichtige Rolle f\u00fcr die Haltbarkeit spielt. In unserer Praxis haben Sie auch die M\u00f6glichkeit eines &#8222;Home Bleachings&#8220;. Hierbei fertigen wir Ihnen individuelle Schienen an, die Sie dann \u00fcber einen bestimmten Zeitraum zuhause tragen.<\/span><\/p>\n<p><span style=\"font-family: helvetica, arial, sans-serif;\">Gerne stehen wir Ihnen f\u00fcr alle Fragen zur Verf\u00fcgung.<\/span><br \/>\n<span style=\"font-family: helvetica, arial, sans-serif;\"> Vereinbaren Sie einen Termin in unserer Praxis und lassen Sie sich unverbindlich beraten. <\/span><\/p>\n<p><span style=\"font-family: helvetica, arial, sans-serif;\">Wir freuen uns auf Sie!<\/span><\/p>\n<p>&nbsp;<\/p>\n<p>&nbsp;<\/p>\n<div class=\"p\">\n<h4><\/h4>\n<div class=\"inner\"><\/div>\n<p>&nbsp;<\/p>\n<p>&nbsp;<\/p>\n<\/div>\n<p>&nbsp;<\/p>","protected":false},"excerpt":{"rendered":"<p>Bleaching &#8211; Z\u00e4hne schonend aufhellen Gesund strahlend, helle Z\u00e4hne lassen das Gesicht vitaler und j\u00fcnger erscheinen und tragen sehr zu unserem \u00e4u\u00dferen Erscheinungsbild bei, was eine positive Wirkung auf unser Umfeld hat. Nahrungs- und Genussmittel, insbesondere Kaffee, Tee, Rotwein oder Tabak, hinterlassen Farbpartikel an den Zahnoberfl\u00e4chen.\u00a0Ein Teil dieser Partikel dringt im Laufe der Zeit in [&hellip;]<\/p>\n","protected":false},"author":1,"featured_media":0,"parent":0,"menu_order":0,"comment_status":"closed","ping_status":"closed","template":"","meta":[],"_links":{"self":[{"href":"https:\/\/dr-anke-schwarz.de\/en\/wp-json\/wp\/v2\/pages\/187"}],"collection":[{"href":"https:\/\/dr-anke-schwarz.de\/en\/wp-json\/wp\/v2\/pages"}],"about":[{"href":"https:\/\/dr-anke-schwarz.de\/en\/wp-json\/wp\/v2\/types\/page"}],"author":[{"embeddable":true,"href":"https:\/\/dr-anke-schwarz.de\/en\/wp-json\/wp\/v2\/users\/1"}],"replies":[{"embeddable":true,"href":"https:\/\/dr-anke-schwarz.de\/en\/wp-json\/wp\/v2\/comments?post=187"}],"version-history":[{"count":31,"href":"https:\/\/dr-anke-schwarz.de\/en\/wp-json\/wp\/v2\/pages\/187\/revisions"}],"predecessor-version":[{"id":2519,"href":"https:\/\/dr-anke-schwarz.de\/en\/wp-json\/wp\/v2\/pages\/187\/revisions\/2519"}],"wp:attachment":[{"href":"https:\/\/dr-anke-schwarz.de\/en\/wp-json\/wp\/v2\/media?parent=187"}],"curies":[{"name":"wp","href":"https:\/\/api.w.org\/{rel}","templated":true}]}}