{"id":154,"date":"2018-01-20T20:12:47","date_gmt":"2018-01-20T19:12:47","guid":{"rendered":"http:\/\/dr-anke-schwarz.de\/?page_id=154"},"modified":"2018-02-21T20:37:06","modified_gmt":"2018-02-21T19:37:06","slug":"so-finden-sie-uns","status":"publish","type":"page","link":"https:\/\/dr-anke-schwarz.de\/en\/so-finden-sie-uns\/","title":{"rendered":"How to find us"},"content":{"rendered":"<p><span style=\"font-family: helvetica, arial, sans-serif;\">Your way to us:<\/span><\/p>\n<p><span style=\"font-family: helvetica, arial, sans-serif;\"><strong><em>Dental practice Dr. med. dent. Anke Schwarz<br \/>\n<\/em><\/strong><em>Graefestra\u00dfe 3<br \/>\n10967 Berlin-Kreuzberg<\/em><\/span><\/p>\n<p><span style=\"font-family: helvetica, arial, sans-serif;\">By public transport, we recommend taking the U8, Kottbusser Tor or U8, Sch\u00f6nleinstra\u00dfe. Alternatively: U7, Hermannplat<\/span><\/p>\n<div id=\"wpgmza_map\" class=\"wpgmza_map\" data-settings='{\"id\":\"1\",\"map_title\":\"Graefestr3\",\"map_width\":\"100\",\"map_height\":\"400\",\"map_start_lat\":\"52.495223\",\"map_start_lng\":\"13.418965\",\"map_start_location\":\"52.49522289999999,13.418965000000071\",\"map_start_zoom\":\"15\",\"default_marker\":\"0\",\"type\":\"1\",\"alignment\":\"1\",\"directions_enabled\":\"1\",\"styling_enabled\":\"0\",\"styling_json\":\"\",\"active\":\"0\",\"kml\":\"\",\"bicycle\":\"0\",\"traffic\":\"0\",\"dbox\":\"1\",\"dbox_width\":\"100\",\"listmarkers\":\"0\",\"listmarkers_advanced\":\"0\",\"filterbycat\":\"0\",\"ugm_enabled\":\"0\",\"ugm_category_enabled\":\"0\",\"fusion\":\"\",\"map_width_type\":\"\\\\%\",\"map_height_type\":\"px\",\"mass_marker_support\":\"1\",\"ugm_access\":\"0\",\"order_markers_by\":\"1\",\"order_markers_choice\":\"2\",\"show_user_location\":\"0\",\"default_to\":\"\",\"other_settings\":{\"store_locator_enabled\":2,\"store_locator_distance\":2,\"store_locator_default_radius\":\"10\",\"store_locator_not_found_message\":\"No results found in this location. Please try again.\",\"store_locator_bounce\":1,\"store_locator_query_string\":\"PLZ \\\/ Adresse:\",\"store_locator_default_address\":\"\",\"wpgmza_store_locator_restrict\":\"\",\"map_max_zoom\":\"1\",\"transport_layer\":0,\"wpgmza_theme_data\":\"\",\"wpgmza_show_points_of_interest\":1}}' data-map-id='1' data-maps-engine='' data-shortcode-attributes='{\"id\":\"1\"}' style=\"display:block; overflow:auto; width:100%; height:400px; float:left;\"><\/div>\n<p>&nbsp;<\/p>","protected":false},"excerpt":{"rendered":"<p>Ihr Weg zu uns: Zahnarztpraxis Dr. med. dent. Anke Schwarz Graefestra\u00dfe 3 10967 Berlin-Kreuzberg Mit \u00f6ffentlichen Verkehrsmitteln empfielt sich die Anfahrt mit der U8, Kottbusser Tor bzw. U8, Sch\u00f6nleinstra\u00dfe. Alternativ: U7, Hermannplatz &nbsp;<\/p>","protected":false},"author":1,"featured_media":0,"parent":0,"menu_order":0,"comment_status":"closed","ping_status":"closed","template":"","meta":[],"_links":{"self":[{"href":"https:\/\/dr-anke-schwarz.de\/en\/wp-json\/wp\/v2\/pages\/154"}],"collection":[{"href":"https:\/\/dr-anke-schwarz.de\/en\/wp-json\/wp\/v2\/pages"}],"about":[{"href":"https:\/\/dr-anke-schwarz.de\/en\/wp-json\/wp\/v2\/types\/page"}],"author":[{"embeddable":true,"href":"https:\/\/dr-anke-schwarz.de\/en\/wp-json\/wp\/v2\/users\/1"}],"replies":[{"embeddable":true,"href":"https:\/\/dr-anke-schwarz.de\/en\/wp-json\/wp\/v2\/comments?post=154"}],"version-history":[{"count":6,"href":"https:\/\/dr-anke-schwarz.de\/en\/wp-json\/wp\/v2\/pages\/154\/revisions"}],"predecessor-version":[{"id":583,"href":"https:\/\/dr-anke-schwarz.de\/en\/wp-json\/wp\/v2\/pages\/154\/revisions\/583"}],"wp:attachment":[{"href":"https:\/\/dr-anke-schwarz.de\/en\/wp-json\/wp\/v2\/media?parent=154"}],"curies":[{"name":"wp","href":"https:\/\/api.w.org\/{rel}","templated":true}]}}