{"id":1669,"date":"2022-04-12T10:07:33","date_gmt":"2022-04-12T08:07:33","guid":{"rendered":"http:\/\/dr-anke-schwarz.de\/?page_id=1669"},"modified":"2024-12-21T11:18:00","modified_gmt":"2024-12-21T10:18:00","slug":"fuer-ihren-termin-selbstauskunft","status":"publish","type":"page","link":"http:\/\/dr-anke-schwarz.de\/en\/fuer-ihren-termin-selbstauskunft\/","title":{"rendered":"F\u00fcr Ihren Termin (Selbstauskunft)"},"content":{"rendered":"<p>Liebe Patientin, lieber Patient,<\/p>\n<p>um Ihnen eine rasche Behandlung zu erm\u00f6glichen, stellen wir Ihnen die Formulare zur Selbstauskunft zum Download zur Verf\u00fcgung.<\/p>\n<p>Bitte bringen Sie die Dokumente zu Ihrem ersten Besuch in unserer Praxis nach M\u00f6glichkeit ausgef\u00fcllt mit.<\/p>\n<p>Folgende Dokumente stellen wir Ihnen zur Verf\u00fcgung:<\/p>\n<ul>\n<li><span style=\"text-decoration: underline;\"><a href=\"http:\/\/dr-anke-schwarz.de\/wp-content\/uploads\/2024\/12\/Anamnesebogen-Erwachsene-20241208.pdf\" target=\"_blank\" rel=\"noopener\">Patientenselbstauskunft (Erwachsene)<\/a><\/span><\/li>\n<li><span style=\"text-decoration: underline;\"><a href=\"http:\/\/dr-anke-schwarz.de\/wp-content\/uploads\/2024\/12\/AB-Kinder.pdf\" target=\"_blank\" rel=\"noopener\">Patientenauskunft (Kinder)<\/a><\/span><\/li>\n<li><span style=\"text-decoration: underline;\"><a href=\"http:\/\/dr-anke-schwarz.de\/wp-content\/uploads\/2024\/12\/Fragebogen-zur-Ernaehrung-und-Mundhygiene-bei-Kindern-20241208.pdf\" target=\"_blank\" rel=\"noopener\">Fragebogen zur Ern\u00e4hrung und Mundhygiene (Kinder)<\/a><\/span><\/li>\n<\/ul>\n<p><strong>Hinweis:<\/strong> Sofern Ihnen nicht die M\u00f6glichkeit gegeben ist, die Dokumente auszudrucken und ausgef\u00fcllt mitzubringen, stellen wir Ihnen die Formulare in unserer Praxis auch gern zum Ausf\u00fcllen vor Ort zur Verf\u00fcgung.<\/p>\n<p>Ihr Praxis-Team Anke Schwarz<\/p>","protected":false},"excerpt":{"rendered":"<p>Liebe Patientin, lieber Patient, um Ihnen eine rasche Behandlung zu erm\u00f6glichen, stellen wir Ihnen die Formulare zur Selbstauskunft zum Download zur Verf\u00fcgung. Bitte bringen Sie die Dokumente zu Ihrem ersten Besuch in unserer Praxis nach M\u00f6glichkeit ausgef\u00fcllt mit. Folgende Dokumente stellen wir Ihnen zur Verf\u00fcgung: Patientenselbstauskunft (Erwachsene) Patientenauskunft (Kinder) Fragebogen zur Ern\u00e4hrung und Mundhygiene (Kinder) [&hellip;]<\/p>\n","protected":false},"author":1,"featured_media":0,"parent":0,"menu_order":0,"comment_status":"closed","ping_status":"closed","template":"","meta":[],"_links":{"self":[{"href":"http:\/\/dr-anke-schwarz.de\/en\/wp-json\/wp\/v2\/pages\/1669"}],"collection":[{"href":"http:\/\/dr-anke-schwarz.de\/en\/wp-json\/wp\/v2\/pages"}],"about":[{"href":"http:\/\/dr-anke-schwarz.de\/en\/wp-json\/wp\/v2\/types\/page"}],"author":[{"embeddable":true,"href":"http:\/\/dr-anke-schwarz.de\/en\/wp-json\/wp\/v2\/users\/1"}],"replies":[{"embeddable":true,"href":"http:\/\/dr-anke-schwarz.de\/en\/wp-json\/wp\/v2\/comments?post=1669"}],"version-history":[{"count":13,"href":"http:\/\/dr-anke-schwarz.de\/en\/wp-json\/wp\/v2\/pages\/1669\/revisions"}],"predecessor-version":[{"id":2749,"href":"http:\/\/dr-anke-schwarz.de\/en\/wp-json\/wp\/v2\/pages\/1669\/revisions\/2749"}],"wp:attachment":[{"href":"http:\/\/dr-anke-schwarz.de\/en\/wp-json\/wp\/v2\/media?parent=1669"}],"curies":[{"name":"wp","href":"https:\/\/api.w.org\/{rel}","templated":true}]}}